{"id":329,"date":"2020-06-17T09:51:46","date_gmt":"2020-06-17T07:51:46","guid":{"rendered":"https:\/\/www.alpina-hotels.de\/salzberg\/?page_id=329"},"modified":"2020-06-17T09:53:44","modified_gmt":"2020-06-17T07:53:44","slug":"bonusprogramm","status":"publish","type":"page","link":"https:\/\/www.alpina-hotels.de\/salzberg\/bonusprogramm\/","title":{"rendered":"Bonusprogramm"},"content":{"rendered":"<div id='full_slider_1'  class='avia-fullwidth-slider main_color avia-shadow   avia-builder-el-0  el_before_av_one_full  avia-builder-el-first   container_wrap sidebar_right'  ><\/div><div id='after_full_slider_1'  class='main_color av_default_container_wrap container_wrap sidebar_right'  ><div class='container av-section-cont-open' ><div class='template-page content  av-content-small alpha units'><div class='post-entry post-entry-type-page post-entry-329'><div class='entry-content-wrapper clearfix'>\n\n<style type=\"text\/css\" data-created_by=\"avia_inline_auto\" id=\"style-css-av-weufd-ad4ea272f50e723bf5e24faef2b81e2a\">\n.flex_column.av-weufd-ad4ea272f50e723bf5e24faef2b81e2a{\nborder-radius:0px 0px 0px 0px;\npadding:0px 0px 0px 0px;\n}\n<\/style>\n<div  class='flex_column av-weufd-ad4ea272f50e723bf5e24faef2b81e2a av_one_full  avia-builder-el-1  el_after_av_slideshow_full  el_before_av_hr  avia-builder-el-first  first flex_column_div av-zero-column-padding  '     ><style type=\"text\/css\" data-created_by=\"avia_inline_auto\" id=\"style-css-av-kbj22b8t-0e0948fa6153657363507afb1ff34160\">\n#top .av-special-heading.av-kbj22b8t-0e0948fa6153657363507afb1ff34160{\npadding-bottom:10px;\n}\nbody .av-special-heading.av-kbj22b8t-0e0948fa6153657363507afb1ff34160 .av-special-heading-tag .heading-char{\nfont-size:25px;\n}\n.av-special-heading.av-kbj22b8t-0e0948fa6153657363507afb1ff34160 .av-subheading{\nfont-size:15px;\n}\n<\/style>\n<div  class='av-special-heading av-kbj22b8t-0e0948fa6153657363507afb1ff34160 av-special-heading-h3 blockquote modern-quote  avia-builder-el-2  avia-builder-el-no-sibling '><h3 class='av-special-heading-tag '  itemprop=\"headline\"  >Herzlich Willkommen im Bonusprogramm<\/h3><div class=\"special-heading-border\"><div class=\"special-heading-inner-border\"><\/div><\/div><\/div><\/div>\n<div  class='hr av-ssun5-1453ab9058f0f10b9e9428d2bd9f29f5 hr-default  avia-builder-el-3  el_after_av_one_full  el_before_av_one_full '><span class='hr-inner '><span class=\"hr-inner-style\"><\/span><\/span><\/div>\n\n<style type=\"text\/css\" data-created_by=\"avia_inline_auto\" id=\"style-css-av-n5wbd-227f64f24076d1b6ebbc0c8aa20af623\">\n.flex_column.av-n5wbd-227f64f24076d1b6ebbc0c8aa20af623{\nborder-radius:0px 0px 0px 0px;\npadding:0px 0px 0px 0px;\n}\n<\/style>\n<div  class='flex_column av-n5wbd-227f64f24076d1b6ebbc0c8aa20af623 av_one_full  avia-builder-el-4  el_after_av_hr  el_before_av_one_half  first flex_column_div av-zero-column-padding  '     ><section  class='av_textblock_section av-kbj22wk3-a7a797fadbea4e598294f7555804cb3a '   itemscope=\"itemscope\" itemtype=\"https:\/\/schema.org\/CreativeWork\" ><div class='avia_textblock'  itemprop=\"text\" ><p>Mit jedem Aufenthalt sammeln Sie Treuepunkte, welche im G\u00e4ste-Club auf Ihr Konto gutgeschrieben werden.<\/p>\n<p><strong>M\u00f6chten Sie noch weitere Punkte sammeln?<\/strong><\/p>\n<p>Empfehlen Sie uns in Ihrem G\u00e4ste-Club Bereich unter Empfehlung Ihren Freunden weiter. Wenn Ihre Empfehlung zu einer Neukunden-Erstbuchung f\u00fchrt, bedanken wir uns bei Ihnen mit einer Freundschafts-Pr\u00e4mie.<\/p>\n<p>Genie\u00dfen Sie unseren exklusiven Service als Dankesch\u00f6n f\u00fcr Ihre Treue!<\/p>\n<\/div><\/section><\/div>\n\n<style type=\"text\/css\" data-created_by=\"avia_inline_auto\" id=\"style-css-av-hcja1-081eb614582d21128b9fb63c49217413\">\n.flex_column.av-hcja1-081eb614582d21128b9fb63c49217413{\nborder-radius:0px 0px 0px 0px;\npadding:0px 0px 0px 0px;\n}\n<\/style>\n<div  class='flex_column av-hcja1-081eb614582d21128b9fb63c49217413 av_one_half  avia-builder-el-6  el_after_av_one_full  el_before_av_one_half  first flex_column_div av-zero-column-padding  column-top-margin'     ><\/div>\n\n<style type=\"text\/css\" data-created_by=\"avia_inline_auto\" id=\"style-css-av-7g9nt-0c029275173b528f08ed2b7eef84e42f\">\n.flex_column.av-7g9nt-0c029275173b528f08ed2b7eef84e42f{\nborder-radius:0px 0px 0px 0px;\npadding:0px 0px 0px 0px;\n}\n<\/style>\n<div  class='flex_column av-7g9nt-0c029275173b528f08ed2b7eef84e42f av_one_half  avia-builder-el-8  el_after_av_one_half  avia-builder-el-last  flex_column_div av-zero-column-padding  column-top-margin'     ><p><section  class='av_textblock_section av-kbj23h9z-194622bbdeba1a580bc373313d0e374a '   itemscope=\"itemscope\" itemtype=\"https:\/\/schema.org\/CreativeWork\" ><div class='avia_textblock'  itemprop=\"text\" ><p>Noch kein Bonusprogramm-Konto?<\/p>\n<\/div><\/section><br \/>\n<div  class='avia-button-wrap av-kbj24avh-2b07b5eb0892e6508884a626766892ff-wrap avia-button-left  avia-builder-el-10  el_after_av_textblock  avia-builder-el-last '><a href='https:\/\/www.alpina-hotels.de\/salzberg\/bonusprogramm-registrierung\/'  class='avia-button av-kbj24avh-2b07b5eb0892e6508884a626766892ff av-link-btn avia-icon_select-no avia-size-large avia-position-left avia-color-theme-color'   aria-label=\"Hier k\u00f6nnen Sie sich kostenlos anmelden.\"><span class='avia_iconbox_title' >Hier k\u00f6nnen Sie sich kostenlos anmelden.<\/span><\/a><\/div><\/p><\/div>\n","protected":false},"excerpt":{"rendered":"","protected":false},"author":1,"featured_media":0,"parent":0,"menu_order":0,"comment_status":"closed","ping_status":"closed","template":"","meta":{"footnotes":""},"class_list":["post-329","page","type-page","status-publish","hentry"],"yoast_head":"<!-- This site is optimized with the Yoast SEO plugin v25.5 - https:\/\/yoast.com\/wordpress\/plugins\/seo\/ -->\n<title>Bonusprogramm - Alpina Hotel Salzberg in Berchtesgaden im Berchtesgadener Land<\/title>\n<meta name=\"description\" content=\"-1389\" \/>\n<meta name=\"robots\" content=\"index, follow, max-snippet:-1, max-image-preview:large, max-video-preview:-1\" \/>\n<link rel=\"canonical\" href=\"https:\/\/www.alpina-hotels.de\/salzberg\/bonusprogramm\/\" \/>\n<meta property=\"og:locale\" content=\"de_DE\" \/>\n<meta property=\"og:type\" content=\"article\" \/>\n<meta property=\"og:title\" content=\"Bonusprogramm - Alpina Hotel Salzberg in Berchtesgaden im Berchtesgadener Land\" \/>\n<meta property=\"og:description\" content=\"-1389\" \/>\n<meta property=\"og:url\" content=\"https:\/\/www.alpina-hotels.de\/salzberg\/bonusprogramm\/\" \/>\n<meta property=\"og:site_name\" content=\"Alpina Hotel Salzberg in Berchtesgaden im Berchtesgadener Land\" \/>\n<meta property=\"article:modified_time\" content=\"2020-06-17T07:53:44+00:00\" \/>\n<meta name=\"twitter:card\" content=\"summary_large_image\" \/>\n<meta name=\"twitter:label1\" content=\"Gesch\u00e4tzte Lesezeit\" \/>\n\t<meta name=\"twitter:data1\" content=\"4\u00a0Minuten\" \/>\n<script type=\"application\/ld+json\" class=\"yoast-schema-graph\">{\"@context\":\"https:\/\/schema.org\",\"@graph\":[{\"@type\":\"WebPage\",\"@id\":\"https:\/\/www.alpina-hotels.de\/salzberg\/bonusprogramm\/\",\"url\":\"https:\/\/www.alpina-hotels.de\/salzberg\/bonusprogramm\/\",\"name\":\"Bonusprogramm - Alpina Hotel Salzberg in Berchtesgaden im Berchtesgadener Land\",\"isPartOf\":{\"@id\":\"https:\/\/www.alpina-hotels.de\/salzberg\/#website\"},\"datePublished\":\"2020-06-17T07:51:46+00:00\",\"dateModified\":\"2020-06-17T07:53:44+00:00\",\"description\":\"-1389\",\"breadcrumb\":{\"@id\":\"https:\/\/www.alpina-hotels.de\/salzberg\/bonusprogramm\/#breadcrumb\"},\"inLanguage\":\"de\",\"potentialAction\":[{\"@type\":\"ReadAction\",\"target\":[\"https:\/\/www.alpina-hotels.de\/salzberg\/bonusprogramm\/\"]}]},{\"@type\":\"BreadcrumbList\",\"@id\":\"https:\/\/www.alpina-hotels.de\/salzberg\/bonusprogramm\/#breadcrumb\",\"itemListElement\":[{\"@type\":\"ListItem\",\"position\":1,\"name\":\"Startseite\",\"item\":\"https:\/\/www.alpina-hotels.de\/salzberg\/willkommen\/\"},{\"@type\":\"ListItem\",\"position\":2,\"name\":\"Bonusprogramm\"}]},{\"@type\":\"WebSite\",\"@id\":\"https:\/\/www.alpina-hotels.de\/salzberg\/#website\",\"url\":\"https:\/\/www.alpina-hotels.de\/salzberg\/\",\"name\":\"Alpina Hotel Salzberg in Berchtesgaden im Berchtesgadener Land\",\"description\":\"Alpina Hotels in Berchtesgaden\",\"potentialAction\":[{\"@type\":\"SearchAction\",\"target\":{\"@type\":\"EntryPoint\",\"urlTemplate\":\"https:\/\/www.alpina-hotels.de\/salzberg\/?s={search_term_string}\"},\"query-input\":{\"@type\":\"PropertyValueSpecification\",\"valueRequired\":true,\"valueName\":\"search_term_string\"}}],\"inLanguage\":\"de\"}]}<\/script>\n<!-- \/ Yoast SEO plugin. -->","yoast_head_json":{"title":"Bonusprogramm - Alpina Hotel Salzberg in Berchtesgaden im Berchtesgadener Land","description":"-1389","robots":{"index":"index","follow":"follow","max-snippet":"max-snippet:-1","max-image-preview":"max-image-preview:large","max-video-preview":"max-video-preview:-1"},"canonical":"https:\/\/www.alpina-hotels.de\/salzberg\/bonusprogramm\/","og_locale":"de_DE","og_type":"article","og_title":"Bonusprogramm - Alpina Hotel Salzberg in Berchtesgaden im Berchtesgadener Land","og_description":"-1389","og_url":"https:\/\/www.alpina-hotels.de\/salzberg\/bonusprogramm\/","og_site_name":"Alpina Hotel Salzberg in Berchtesgaden im Berchtesgadener Land","article_modified_time":"2020-06-17T07:53:44+00:00","twitter_card":"summary_large_image","twitter_misc":{"Gesch\u00e4tzte Lesezeit":"4\u00a0Minuten"},"schema":{"@context":"https:\/\/schema.org","@graph":[{"@type":"WebPage","@id":"https:\/\/www.alpina-hotels.de\/salzberg\/bonusprogramm\/","url":"https:\/\/www.alpina-hotels.de\/salzberg\/bonusprogramm\/","name":"Bonusprogramm - Alpina Hotel Salzberg in Berchtesgaden im Berchtesgadener Land","isPartOf":{"@id":"https:\/\/www.alpina-hotels.de\/salzberg\/#website"},"datePublished":"2020-06-17T07:51:46+00:00","dateModified":"2020-06-17T07:53:44+00:00","description":"-1389","breadcrumb":{"@id":"https:\/\/www.alpina-hotels.de\/salzberg\/bonusprogramm\/#breadcrumb"},"inLanguage":"de","potentialAction":[{"@type":"ReadAction","target":["https:\/\/www.alpina-hotels.de\/salzberg\/bonusprogramm\/"]}]},{"@type":"BreadcrumbList","@id":"https:\/\/www.alpina-hotels.de\/salzberg\/bonusprogramm\/#breadcrumb","itemListElement":[{"@type":"ListItem","position":1,"name":"Startseite","item":"https:\/\/www.alpina-hotels.de\/salzberg\/willkommen\/"},{"@type":"ListItem","position":2,"name":"Bonusprogramm"}]},{"@type":"WebSite","@id":"https:\/\/www.alpina-hotels.de\/salzberg\/#website","url":"https:\/\/www.alpina-hotels.de\/salzberg\/","name":"Alpina Hotel Salzberg in Berchtesgaden im Berchtesgadener Land","description":"Alpina Hotels in Berchtesgaden","potentialAction":[{"@type":"SearchAction","target":{"@type":"EntryPoint","urlTemplate":"https:\/\/www.alpina-hotels.de\/salzberg\/?s={search_term_string}"},"query-input":{"@type":"PropertyValueSpecification","valueRequired":true,"valueName":"search_term_string"}}],"inLanguage":"de"}]}},"_links":{"self":[{"href":"https:\/\/www.alpina-hotels.de\/salzberg\/wp-json\/wp\/v2\/pages\/329","targetHints":{"allow":["GET"]}}],"collection":[{"href":"https:\/\/www.alpina-hotels.de\/salzberg\/wp-json\/wp\/v2\/pages"}],"about":[{"href":"https:\/\/www.alpina-hotels.de\/salzberg\/wp-json\/wp\/v2\/types\/page"}],"author":[{"embeddable":true,"href":"https:\/\/www.alpina-hotels.de\/salzberg\/wp-json\/wp\/v2\/users\/1"}],"replies":[{"embeddable":true,"href":"https:\/\/www.alpina-hotels.de\/salzberg\/wp-json\/wp\/v2\/comments?post=329"}],"version-history":[{"count":2,"href":"https:\/\/www.alpina-hotels.de\/salzberg\/wp-json\/wp\/v2\/pages\/329\/revisions"}],"predecessor-version":[{"id":332,"href":"https:\/\/www.alpina-hotels.de\/salzberg\/wp-json\/wp\/v2\/pages\/329\/revisions\/332"}],"wp:attachment":[{"href":"https:\/\/www.alpina-hotels.de\/salzberg\/wp-json\/wp\/v2\/media?parent=329"}],"curies":[{"name":"wp","href":"https:\/\/api.w.org\/{rel}","templated":true}]}}