{"id":134,"date":"2020-06-16T09:47:02","date_gmt":"2020-06-16T07:47:02","guid":{"rendered":"https:\/\/www.alpina-hotels.de\/salzberg\/?page_id=134"},"modified":"2020-06-16T09:47:03","modified_gmt":"2020-06-16T07:47:03","slug":"thermen","status":"publish","type":"page","link":"https:\/\/www.alpina-hotels.de\/salzberg\/thermen\/","title":{"rendered":"Thermen"},"content":{"rendered":"<div id='full_slider_1'  class='avia-fullwidth-slider main_color avia-shadow   avia-builder-el-0  el_before_av_one_full  avia-builder-el-first   container_wrap sidebar_right'  ><div  class='avia-slideshow av-5374g-508af4c4f1d519e77cbf5d9068700c7e avia-slideshow-featured_large av_slideshow_full avia-slide-slider av-slideshow-ui av-control-default av-slideshow-manual av-loop-once av-loop-manual-endless av-default-height-applied   avia-slideshow-1' data-slideshow-options=\"{&quot;animation&quot;:&quot;slide&quot;,&quot;autoplay&quot;:false,&quot;loop_autoplay&quot;:&quot;once&quot;,&quot;interval&quot;:5,&quot;loop_manual&quot;:&quot;manual-endless&quot;,&quot;autoplay_stopper&quot;:false,&quot;noNavigation&quot;:false,&quot;bg_slider&quot;:false,&quot;keep_padding&quot;:false,&quot;hoverpause&quot;:false,&quot;show_slide_delay&quot;:0}\"  itemprop=\"image\" itemscope=\"itemscope\" itemtype=\"https:\/\/schema.org\/ImageObject\" ><ul class='avia-slideshow-inner ' style='padding-bottom: 42%;'><li  class='avia-slideshow-slide av-5374g-508af4c4f1d519e77cbf5d9068700c7e__0  slide-1 slide-odd'><div data-rel='slideshow-1' class='avia-slide-wrap '   ><img decoding=\"async\" fetchpriority=\"high\" class=\"wp-image-119 avia-img-lazy-loading-not-119\"  src=\"https:\/\/www.alpina-hotels.de\/salzberg\/wp-content\/uploads\/sites\/4\/2020\/06\/alpina-hotel-salzberg-40-1500x630.jpg\" width=\"1500\" height=\"630\" title='alpina-hotel-salzberg-40' alt=''  itemprop=\"thumbnailUrl\"   \/><\/div><\/li><li  class='avia-slideshow-slide av-5374g-508af4c4f1d519e77cbf5d9068700c7e__1  slide-2 slide-even'><div data-rel='slideshow-1' class='avia-slide-wrap '   ><img decoding=\"async\" fetchpriority=\"high\" class=\"wp-image-120 avia-img-lazy-loading-not-120\"  src=\"https:\/\/www.alpina-hotels.de\/salzberg\/wp-content\/uploads\/sites\/4\/2020\/06\/alpina-hotel-salzberg-41-1500x630.jpg\" width=\"1500\" height=\"630\" title='alpina-hotel-salzberg-41' alt=''  itemprop=\"thumbnailUrl\"   \/><\/div><\/li><\/ul><div class='avia-slideshow-arrows avia-slideshow-controls' ><a href='#prev' class='prev-slide  avia-svg-icon avia-font-svg_entypo-fontello' data-av_svg_icon='left-open-big' data-av_iconset='svg_entypo-fontello' tabindex='-1' title=\"Zur\u00fcck\"><svg version=\"1.1\" xmlns=\"http:\/\/www.w3.org\/2000\/svg\" width=\"15\" height=\"32\" viewBox=\"0 0 15 32\" preserveAspectRatio=\"xMidYMid meet\" aria-labelledby='av-svg-title-1' aria-describedby='av-svg-desc-1' role=\"graphics-symbol\" aria-hidden=\"true\">\n<title id='av-svg-title-1'>Zur\u00fcck<\/title>\n<desc id='av-svg-desc-1'>Zur\u00fcck<\/desc>\n<path d=\"M14.464 27.84q0.832 0.832 0 1.536-0.832 0.832-1.536 0l-12.544-12.608q-0.768-0.768 0-1.6l12.544-12.608q0.704-0.832 1.536 0 0.832 0.704 0 1.536l-11.456 11.904z\"><\/path>\n<\/svg><span class='avia_hidden_link_text'>Zur\u00fcck<\/span><\/a><a href='#next' class='next-slide  avia-svg-icon avia-font-svg_entypo-fontello' data-av_svg_icon='right-open-big' data-av_iconset='svg_entypo-fontello' tabindex='-1' title=\"Weiter\"><svg version=\"1.1\" xmlns=\"http:\/\/www.w3.org\/2000\/svg\" width=\"15\" height=\"32\" viewBox=\"0 0 15 32\" preserveAspectRatio=\"xMidYMid meet\" aria-labelledby='av-svg-title-2' aria-describedby='av-svg-desc-2' role=\"graphics-symbol\" aria-hidden=\"true\">\n<title id='av-svg-title-2'>Weiter<\/title>\n<desc id='av-svg-desc-2'>Weiter<\/desc>\n<path d=\"M0.416 27.84l11.456-11.84-11.456-11.904q-0.832-0.832 0-1.536 0.832-0.832 1.536 0l12.544 12.608q0.768 0.832 0 1.6l-12.544 12.608q-0.704 0.832-1.536 0-0.832-0.704 0-1.536z\"><\/path>\n<\/svg><span class='avia_hidden_link_text'>Weiter<\/span><\/a><\/div><div class='avia-slideshow-dots avia-slideshow-controls'><a href='#1' class='goto-slide active' >1<\/a><a href='#2' class='goto-slide ' >2<\/a><\/div><\/div><\/div><div id='after_full_slider_1'  class='main_color av_default_container_wrap container_wrap sidebar_right'  ><div class='container av-section-cont-open' ><div class='template-page content  av-content-small alpha units'><div class='post-entry post-entry-type-page post-entry-134'><div class='entry-content-wrapper clearfix'>\n\n<style type=\"text\/css\" data-created_by=\"avia_inline_auto\" id=\"style-css-av-4g53w-ee7572f34c108b4a80619c6b2110e61c\">\n.flex_column.av-4g53w-ee7572f34c108b4a80619c6b2110e61c{\nborder-radius:0px 0px 0px 0px;\npadding:0px 0px 0px 0px;\n}\n<\/style>\n<div  class='flex_column av-4g53w-ee7572f34c108b4a80619c6b2110e61c av_one_full  avia-builder-el-1  el_after_av_slideshow_full  el_before_av_one_third  avia-builder-el-first  first flex_column_div av-zero-column-padding  '     ><style type=\"text\/css\" data-created_by=\"avia_inline_auto\" id=\"style-css-av-kbhmgsvk-f7b0b0be833fe88811cc0c541816cfc3\">\n#top .av-special-heading.av-kbhmgsvk-f7b0b0be833fe88811cc0c541816cfc3{\npadding-bottom:10px;\nfont-size:40px;\n}\nbody .av-special-heading.av-kbhmgsvk-f7b0b0be833fe88811cc0c541816cfc3 .av-special-heading-tag .heading-char{\nfont-size:25px;\n}\n#top #wrap_all .av-special-heading.av-kbhmgsvk-f7b0b0be833fe88811cc0c541816cfc3 .av-special-heading-tag{\nfont-size:40px;\n}\n.av-special-heading.av-kbhmgsvk-f7b0b0be833fe88811cc0c541816cfc3 .av-subheading{\nfont-size:15px;\n}\n\n@media only screen and (min-width: 480px) and (max-width: 767px){ \n#top #wrap_all .av-special-heading.av-kbhmgsvk-f7b0b0be833fe88811cc0c541816cfc3 .av-special-heading-tag{\nfont-size:0.8em;\n}\n}\n\n@media only screen and (max-width: 479px){ \n#top #wrap_all .av-special-heading.av-kbhmgsvk-f7b0b0be833fe88811cc0c541816cfc3 .av-special-heading-tag{\nfont-size:0.8em;\n}\n}\n<\/style>\n<div  class='av-special-heading av-kbhmgsvk-f7b0b0be833fe88811cc0c541816cfc3 av-special-heading-h3 blockquote modern-quote modern-centered  avia-builder-el-2  avia-builder-el-no-sibling  av-inherit-size'><h3 class='av-special-heading-tag '  itemprop=\"headline\"  >Thermen<\/h3><div class=\"special-heading-border\"><div class=\"special-heading-inner-border\"><\/div><\/div><\/div><\/div>\n<style type=\"text\/css\" data-created_by=\"avia_inline_auto\" id=\"style-css-av-40lp0-77543f5d7882d988a39ffadfaa773325\">\n.flex_column.av-40lp0-77543f5d7882d988a39ffadfaa773325{\nborder-radius:0px 0px 0px 0px;\npadding:0px 0px 0px 0px;\n}\n<\/style>\n<div  class='flex_column av-40lp0-77543f5d7882d988a39ffadfaa773325 av_one_third  avia-builder-el-3  el_after_av_one_full  el_before_av_two_third  first flex_column_div av-zero-column-padding  column-top-margin'     ><style type=\"text\/css\" data-created_by=\"avia_inline_auto\" id=\"style-css-av-3gdrg-3cf9d0c587096b72b9ce9d09df971aa2\">\n.avia-image-container.av-3gdrg-3cf9d0c587096b72b9ce9d09df971aa2 img.avia_image{\nbox-shadow:none;\n}\n.avia-image-container.av-3gdrg-3cf9d0c587096b72b9ce9d09df971aa2 .av-image-caption-overlay-center{\ncolor:#ffffff;\n}\n<\/style>\n<div  class='avia-image-container av-3gdrg-3cf9d0c587096b72b9ce9d09df971aa2 av-styling- avia-align-center  avia-builder-el-4  avia-builder-el-no-sibling '   itemprop=\"image\" itemscope=\"itemscope\" itemtype=\"https:\/\/schema.org\/ImageObject\" ><div class=\"avia-image-container-inner\"><div class=\"avia-image-overlay-wrap\"><img decoding=\"async\" fetchpriority=\"high\" class='wp-image-119 avia-img-lazy-loading-not-119 avia_image ' src=\"https:\/\/www.alpina-hotels.de\/salzberg\/wp-content\/uploads\/sites\/4\/2020\/06\/alpina-hotel-salzberg-40.jpg\" alt='' title='alpina-hotel-salzberg-40'  height=\"1000\" width=\"1500\"  itemprop=\"thumbnailUrl\" srcset=\"https:\/\/www.alpina-hotels.de\/salzberg\/wp-content\/uploads\/sites\/4\/2020\/06\/alpina-hotel-salzberg-40.jpg 1500w, https:\/\/www.alpina-hotels.de\/salzberg\/wp-content\/uploads\/sites\/4\/2020\/06\/alpina-hotel-salzberg-40-705x470.jpg 705w, https:\/\/www.alpina-hotels.de\/salzberg\/wp-content\/uploads\/sites\/4\/2020\/06\/alpina-hotel-salzberg-40-1280x853.jpg 1280w, https:\/\/www.alpina-hotels.de\/salzberg\/wp-content\/uploads\/sites\/4\/2020\/06\/alpina-hotel-salzberg-40-450x300.jpg 450w, https:\/\/www.alpina-hotels.de\/salzberg\/wp-content\/uploads\/sites\/4\/2020\/06\/alpina-hotel-salzberg-40-768x512.jpg 768w\" sizes=\"(max-width: 1500px) 100vw, 1500px\" \/><\/div><\/div><\/div><\/div>\n<style type=\"text\/css\" data-created_by=\"avia_inline_auto\" id=\"style-css-av-2vo8k-e4bc17dc2c1e9cb9b9fbbfe285fec567\">\n.flex_column.av-2vo8k-e4bc17dc2c1e9cb9b9fbbfe285fec567{\nborder-radius:0px 0px 0px 0px;\npadding:0px 0px 0px 0px;\n}\n<\/style>\n<div  class='flex_column av-2vo8k-e4bc17dc2c1e9cb9b9fbbfe285fec567 av_two_third  avia-builder-el-5  el_after_av_one_third  el_before_av_two_third  flex_column_div av-zero-column-padding  column-top-margin'     ><section  class='av_textblock_section av-kbhlr2gc-d05712e765b9fcf579564f52115415c9 '   itemscope=\"itemscope\" itemtype=\"https:\/\/schema.org\/CreativeWork\" ><div class='avia_textblock'  itemprop=\"text\" ><p><strong>Watzmann Therme Berchtesgaden<\/strong><\/p>\n<p>Ob klein oder gro\u00df, hier ist f\u00fcr jeden etwas geboten! Auf einer Fl\u00e4che von 9000 m2 verbindet die familienfreundliche Therme Erholung, Badespa\u00df und Sport auf vielseitige Weise.<br \/>\nFamilien mit kleineren Kindern finden ihre eigene Wasserwelt im farbenfrohen Eltern- Kind- Bereich.<br \/>\nEine Oase f\u00fcr alle Entspannungssuchenden ist die gro\u00dfz\u00fcgige Sauna- Landschaft. Ein Ort der Ruhe und Entspannung sind auch die zahlreichen Sole- Kabinen wie z.B. das neue Salz- Licht- Entspannungsbad. Tanken Sie neue Kraft und spannen Sie richtig aus!<\/p>\n<\/div><\/section><\/div>\n<style type=\"text\/css\" data-created_by=\"avia_inline_auto\" id=\"style-css-av-1wpo8-964d6ea77118bba2538f84b33f89eb0b\">\n.flex_column.av-1wpo8-964d6ea77118bba2538f84b33f89eb0b{\nborder-radius:0px 0px 0px 0px;\npadding:0px 0px 0px 0px;\n}\n<\/style>\n<div  class='flex_column av-1wpo8-964d6ea77118bba2538f84b33f89eb0b av_two_third  avia-builder-el-7  el_after_av_two_third  el_before_av_one_third  first flex_column_div av-zero-column-padding  column-top-margin'     ><section  class='av_textblock_section av-kbhlr2gc-d05712e765b9fcf579564f52115415c9 '   itemscope=\"itemscope\" itemtype=\"https:\/\/schema.org\/CreativeWork\" ><div class='avia_textblock'  itemprop=\"text\" ><p><strong>Spa &amp; Familien Resort Rupertus Therme Bad Reichenhall<\/strong><\/p>\n<p>Umrahmt von einer einmaligen Naturkulisse aus Bergen, Quellwasser und mildem Alpenklima, angrenzend an eine ausgedehnte Parklandschaft, liegt die RupertusTherme. Ein Spa &amp; Familien Resort voller Leben und innerer Ruhe.<br \/>\nWer sich in der Entspannungs-, Relax- und Bewegungsbecken der Therme entspannt, profitiert von der kraft der Natur. Die RupertusTherme er\u00f6ffnet somit den Weg zu den heimischen Sch\u00e4tzen Salz, Sole und Laist. Besonders im Laist- und Salzzentrum mit seinen Dampfb\u00e4dern und der Stollensauna, die mit Licht und Stein die raue Sch\u00f6nheit der umliegenden Bergwelt widerspiegelt, dreht sich alles um das AlpenSalz, dem wei\u00dfen Gold.<\/p>\n<\/div><\/section><\/div>\n<style type=\"text\/css\" data-created_by=\"avia_inline_auto\" id=\"style-css-av-1na60-eb5ea8744df09d249cdcec89a7c227e6\">\n.flex_column.av-1na60-eb5ea8744df09d249cdcec89a7c227e6{\nborder-radius:0px 0px 0px 0px;\npadding:0px 0px 0px 0px;\n}\n<\/style>\n<div  class='flex_column av-1na60-eb5ea8744df09d249cdcec89a7c227e6 av_one_third  avia-builder-el-9  el_after_av_two_third  avia-builder-el-last  flex_column_div av-zero-column-padding  column-top-margin'     ><style type=\"text\/css\" data-created_by=\"avia_inline_auto\" id=\"style-css-av-z848-c552d57e847b1e3501dde147198fcf92\">\n.avia-image-container.av-z848-c552d57e847b1e3501dde147198fcf92 img.avia_image{\nbox-shadow:none;\n}\n.avia-image-container.av-z848-c552d57e847b1e3501dde147198fcf92 .av-image-caption-overlay-center{\ncolor:#ffffff;\n}\n<\/style>\n<div  class='avia-image-container av-z848-c552d57e847b1e3501dde147198fcf92 av-styling- avia-align-center  avia-builder-el-10  avia-builder-el-no-sibling '   itemprop=\"image\" itemscope=\"itemscope\" itemtype=\"https:\/\/schema.org\/ImageObject\" ><div class=\"avia-image-container-inner\"><div class=\"avia-image-overlay-wrap\"><img decoding=\"async\" fetchpriority=\"high\" class='wp-image-120 avia-img-lazy-loading-not-120 avia_image ' src=\"https:\/\/www.alpina-hotels.de\/salzberg\/wp-content\/uploads\/sites\/4\/2020\/06\/alpina-hotel-salzberg-41.jpg\" alt='' title='alpina-hotel-salzberg-41'  height=\"1000\" width=\"1500\"  itemprop=\"thumbnailUrl\" srcset=\"https:\/\/www.alpina-hotels.de\/salzberg\/wp-content\/uploads\/sites\/4\/2020\/06\/alpina-hotel-salzberg-41.jpg 1500w, https:\/\/www.alpina-hotels.de\/salzberg\/wp-content\/uploads\/sites\/4\/2020\/06\/alpina-hotel-salzberg-41-705x470.jpg 705w, https:\/\/www.alpina-hotels.de\/salzberg\/wp-content\/uploads\/sites\/4\/2020\/06\/alpina-hotel-salzberg-41-1280x853.jpg 1280w, https:\/\/www.alpina-hotels.de\/salzberg\/wp-content\/uploads\/sites\/4\/2020\/06\/alpina-hotel-salzberg-41-450x300.jpg 450w, https:\/\/www.alpina-hotels.de\/salzberg\/wp-content\/uploads\/sites\/4\/2020\/06\/alpina-hotel-salzberg-41-768x512.jpg 768w\" sizes=\"(max-width: 1500px) 100vw, 1500px\" \/><\/div><\/div><\/div><\/div><\/p>\n","protected":false},"excerpt":{"rendered":"","protected":false},"author":1,"featured_media":0,"parent":0,"menu_order":0,"comment_status":"closed","ping_status":"closed","template":"","meta":{"footnotes":""},"class_list":["post-134","page","type-page","status-publish","hentry"],"yoast_head":"<!-- This site is optimized with the Yoast SEO plugin v25.5 - https:\/\/yoast.com\/wordpress\/plugins\/seo\/ -->\n<title>Thermen - Alpina Hotel Salzberg in Berchtesgaden im Berchtesgadener Land<\/title>\n<meta name=\"robots\" content=\"index, follow, max-snippet:-1, max-image-preview:large, max-video-preview:-1\" \/>\n<link rel=\"canonical\" href=\"https:\/\/www.alpina-hotels.de\/salzberg\/thermen\/\" \/>\n<meta property=\"og:locale\" content=\"de_DE\" \/>\n<meta property=\"og:type\" content=\"article\" \/>\n<meta property=\"og:title\" content=\"Thermen - Alpina Hotel Salzberg in Berchtesgaden im Berchtesgadener Land\" \/>\n<meta property=\"og:url\" content=\"https:\/\/www.alpina-hotels.de\/salzberg\/thermen\/\" \/>\n<meta property=\"og:site_name\" content=\"Alpina Hotel Salzberg in Berchtesgaden im Berchtesgadener Land\" \/>\n<meta property=\"article:modified_time\" content=\"2020-06-16T07:47:03+00:00\" \/>\n<meta name=\"twitter:card\" content=\"summary_large_image\" \/>\n<meta name=\"twitter:label1\" content=\"Gesch\u00e4tzte Lesezeit\" \/>\n\t<meta name=\"twitter:data1\" content=\"6\u00a0Minuten\" \/>\n<script type=\"application\/ld+json\" class=\"yoast-schema-graph\">{\"@context\":\"https:\/\/schema.org\",\"@graph\":[{\"@type\":\"WebPage\",\"@id\":\"https:\/\/www.alpina-hotels.de\/salzberg\/thermen\/\",\"url\":\"https:\/\/www.alpina-hotels.de\/salzberg\/thermen\/\",\"name\":\"Thermen - Alpina Hotel Salzberg in Berchtesgaden im Berchtesgadener Land\",\"isPartOf\":{\"@id\":\"https:\/\/www.alpina-hotels.de\/salzberg\/#website\"},\"datePublished\":\"2020-06-16T07:47:02+00:00\",\"dateModified\":\"2020-06-16T07:47:03+00:00\",\"breadcrumb\":{\"@id\":\"https:\/\/www.alpina-hotels.de\/salzberg\/thermen\/#breadcrumb\"},\"inLanguage\":\"de\",\"potentialAction\":[{\"@type\":\"ReadAction\",\"target\":[\"https:\/\/www.alpina-hotels.de\/salzberg\/thermen\/\"]}]},{\"@type\":\"BreadcrumbList\",\"@id\":\"https:\/\/www.alpina-hotels.de\/salzberg\/thermen\/#breadcrumb\",\"itemListElement\":[{\"@type\":\"ListItem\",\"position\":1,\"name\":\"Startseite\",\"item\":\"https:\/\/www.alpina-hotels.de\/salzberg\/willkommen\/\"},{\"@type\":\"ListItem\",\"position\":2,\"name\":\"Thermen\"}]},{\"@type\":\"WebSite\",\"@id\":\"https:\/\/www.alpina-hotels.de\/salzberg\/#website\",\"url\":\"https:\/\/www.alpina-hotels.de\/salzberg\/\",\"name\":\"Alpina Hotel Salzberg in Berchtesgaden im Berchtesgadener Land\",\"description\":\"Alpina Hotels in Berchtesgaden\",\"potentialAction\":[{\"@type\":\"SearchAction\",\"target\":{\"@type\":\"EntryPoint\",\"urlTemplate\":\"https:\/\/www.alpina-hotels.de\/salzberg\/?s={search_term_string}\"},\"query-input\":{\"@type\":\"PropertyValueSpecification\",\"valueRequired\":true,\"valueName\":\"search_term_string\"}}],\"inLanguage\":\"de\"}]}<\/script>\n<!-- \/ Yoast SEO plugin. -->","yoast_head_json":{"title":"Thermen - Alpina Hotel Salzberg in Berchtesgaden im Berchtesgadener Land","robots":{"index":"index","follow":"follow","max-snippet":"max-snippet:-1","max-image-preview":"max-image-preview:large","max-video-preview":"max-video-preview:-1"},"canonical":"https:\/\/www.alpina-hotels.de\/salzberg\/thermen\/","og_locale":"de_DE","og_type":"article","og_title":"Thermen - Alpina Hotel Salzberg in Berchtesgaden im Berchtesgadener Land","og_url":"https:\/\/www.alpina-hotels.de\/salzberg\/thermen\/","og_site_name":"Alpina Hotel Salzberg in Berchtesgaden im Berchtesgadener Land","article_modified_time":"2020-06-16T07:47:03+00:00","twitter_card":"summary_large_image","twitter_misc":{"Gesch\u00e4tzte Lesezeit":"6\u00a0Minuten"},"schema":{"@context":"https:\/\/schema.org","@graph":[{"@type":"WebPage","@id":"https:\/\/www.alpina-hotels.de\/salzberg\/thermen\/","url":"https:\/\/www.alpina-hotels.de\/salzberg\/thermen\/","name":"Thermen - Alpina Hotel Salzberg in Berchtesgaden im Berchtesgadener Land","isPartOf":{"@id":"https:\/\/www.alpina-hotels.de\/salzberg\/#website"},"datePublished":"2020-06-16T07:47:02+00:00","dateModified":"2020-06-16T07:47:03+00:00","breadcrumb":{"@id":"https:\/\/www.alpina-hotels.de\/salzberg\/thermen\/#breadcrumb"},"inLanguage":"de","potentialAction":[{"@type":"ReadAction","target":["https:\/\/www.alpina-hotels.de\/salzberg\/thermen\/"]}]},{"@type":"BreadcrumbList","@id":"https:\/\/www.alpina-hotels.de\/salzberg\/thermen\/#breadcrumb","itemListElement":[{"@type":"ListItem","position":1,"name":"Startseite","item":"https:\/\/www.alpina-hotels.de\/salzberg\/willkommen\/"},{"@type":"ListItem","position":2,"name":"Thermen"}]},{"@type":"WebSite","@id":"https:\/\/www.alpina-hotels.de\/salzberg\/#website","url":"https:\/\/www.alpina-hotels.de\/salzberg\/","name":"Alpina Hotel Salzberg in Berchtesgaden im Berchtesgadener Land","description":"Alpina Hotels in Berchtesgaden","potentialAction":[{"@type":"SearchAction","target":{"@type":"EntryPoint","urlTemplate":"https:\/\/www.alpina-hotels.de\/salzberg\/?s={search_term_string}"},"query-input":{"@type":"PropertyValueSpecification","valueRequired":true,"valueName":"search_term_string"}}],"inLanguage":"de"}]}},"_links":{"self":[{"href":"https:\/\/www.alpina-hotels.de\/salzberg\/wp-json\/wp\/v2\/pages\/134","targetHints":{"allow":["GET"]}}],"collection":[{"href":"https:\/\/www.alpina-hotels.de\/salzberg\/wp-json\/wp\/v2\/pages"}],"about":[{"href":"https:\/\/www.alpina-hotels.de\/salzberg\/wp-json\/wp\/v2\/types\/page"}],"author":[{"embeddable":true,"href":"https:\/\/www.alpina-hotels.de\/salzberg\/wp-json\/wp\/v2\/users\/1"}],"replies":[{"embeddable":true,"href":"https:\/\/www.alpina-hotels.de\/salzberg\/wp-json\/wp\/v2\/comments?post=134"}],"version-history":[{"count":1,"href":"https:\/\/www.alpina-hotels.de\/salzberg\/wp-json\/wp\/v2\/pages\/134\/revisions"}],"predecessor-version":[{"id":135,"href":"https:\/\/www.alpina-hotels.de\/salzberg\/wp-json\/wp\/v2\/pages\/134\/revisions\/135"}],"wp:attachment":[{"href":"https:\/\/www.alpina-hotels.de\/salzberg\/wp-json\/wp\/v2\/media?parent=134"}],"curies":[{"name":"wp","href":"https:\/\/api.w.org\/{rel}","templated":true}]}}