{"id":319,"date":"2016-12-02T15:31:12","date_gmt":"2016-12-02T14:31:12","guid":{"rendered":"http:\/\/www.alpina-hotels.de\/demming\/?page_id=319"},"modified":"2023-12-21T14:47:24","modified_gmt":"2023-12-21T13:47:24","slug":"anreise-lage","status":"publish","type":"page","link":"https:\/\/www.alpina-hotels.de\/demming\/anreise-lage\/","title":{"rendered":"Anreise &#038; Lage"},"content":{"rendered":"<div id='full_slider_1'  class='avia-fullwidth-slider main_color avia-shadow   avia-builder-el-0  el_before_av_one_full  avia-builder-el-first   container_wrap sidebar_right'  ><div  class='avia-slideshow av-1g0zpr-a1d428eeb09924a588de51650b63bf33 avia-slideshow-featured_large av_slideshow_full avia-slide-slider av-slideshow-ui av-control-default av-slideshow-autoplay av-loop-endless av-loop-manual-endless av-default-height-applied   avia-slideshow-1' data-slideshow-options=\"{&quot;animation&quot;:&quot;slide&quot;,&quot;autoplay&quot;:true,&quot;loop_autoplay&quot;:&quot;endless&quot;,&quot;interval&quot;:5,&quot;loop_manual&quot;:&quot;manual-endless&quot;,&quot;autoplay_stopper&quot;:false,&quot;noNavigation&quot;:false,&quot;bg_slider&quot;:false,&quot;keep_padding&quot;:false,&quot;hoverpause&quot;:false,&quot;show_slide_delay&quot;:0}\"  itemprop=\"image\" itemscope=\"itemscope\" itemtype=\"https:\/\/schema.org\/ImageObject\" ><ul class='avia-slideshow-inner ' style='padding-bottom: 42%;'><li  class='avia-slideshow-slide av-1g0zpr-a1d428eeb09924a588de51650b63bf33__0  slide-1 slide-odd'><div data-rel='slideshow-1' class='avia-slide-wrap '   ><img decoding=\"async\" fetchpriority=\"high\" class=\"wp-image-506 avia-img-lazy-loading-not-506\"  src=\"https:\/\/www.alpina-hotels.de\/demming\/wp-content\/uploads\/sites\/2\/2016\/12\/bgl-koenigssee-pano-kirche-und-boote-20-1-1500x630.jpg\" width=\"1500\" height=\"630\" title='bgl-koenigssee-pano-kirche-und-boote-20-1' alt=''  itemprop=\"thumbnailUrl\"   \/><\/div><\/li><li  class='avia-slideshow-slide av-1g0zpr-a1d428eeb09924a588de51650b63bf33__1  slide-2 slide-even'><div data-rel='slideshow-1' class='avia-slide-wrap '   ><img decoding=\"async\" fetchpriority=\"high\" class=\"wp-image-517 avia-img-lazy-loading-not-517\"  src=\"https:\/\/www.alpina-hotels.de\/demming\/wp-content\/uploads\/sites\/2\/2016\/12\/bgl-ramsauer-kirche-sommer-1500x630.jpg\" width=\"1500\" height=\"630\" title='bgl-ramsauer-kirche-sommer' alt=''  itemprop=\"thumbnailUrl\"   \/><\/div><\/li><\/ul><div class='avia-slideshow-arrows avia-slideshow-controls' ><a href='#prev' class='prev-slide  avia-svg-icon avia-font-svg_entypo-fontello' data-av_svg_icon='left-open-big' data-av_iconset='svg_entypo-fontello' tabindex='-1' title=\"Zur\u00fcck\"><svg version=\"1.1\" xmlns=\"http:\/\/www.w3.org\/2000\/svg\" width=\"15\" height=\"32\" viewBox=\"0 0 15 32\" preserveAspectRatio=\"xMidYMid meet\" aria-labelledby='av-svg-title-1' aria-describedby='av-svg-desc-1' role=\"graphics-symbol\" aria-hidden=\"true\">\n<title id='av-svg-title-1'>Zur\u00fcck<\/title>\n<desc id='av-svg-desc-1'>Zur\u00fcck<\/desc>\n<path d=\"M14.464 27.84q0.832 0.832 0 1.536-0.832 0.832-1.536 0l-12.544-12.608q-0.768-0.768 0-1.6l12.544-12.608q0.704-0.832 1.536 0 0.832 0.704 0 1.536l-11.456 11.904z\"><\/path>\n<\/svg><span class='avia_hidden_link_text'>Zur\u00fcck<\/span><\/a><a href='#next' class='next-slide  avia-svg-icon avia-font-svg_entypo-fontello' data-av_svg_icon='right-open-big' data-av_iconset='svg_entypo-fontello' tabindex='-1' title=\"Weiter\"><svg version=\"1.1\" xmlns=\"http:\/\/www.w3.org\/2000\/svg\" width=\"15\" height=\"32\" viewBox=\"0 0 15 32\" preserveAspectRatio=\"xMidYMid meet\" aria-labelledby='av-svg-title-2' aria-describedby='av-svg-desc-2' role=\"graphics-symbol\" aria-hidden=\"true\">\n<title id='av-svg-title-2'>Weiter<\/title>\n<desc id='av-svg-desc-2'>Weiter<\/desc>\n<path d=\"M0.416 27.84l11.456-11.84-11.456-11.904q-0.832-0.832 0-1.536 0.832-0.832 1.536 0l12.544 12.608q0.768 0.832 0 1.6l-12.544 12.608q-0.704 0.832-1.536 0-0.832-0.704 0-1.536z\"><\/path>\n<\/svg><span class='avia_hidden_link_text'>Weiter<\/span><\/a><\/div><div class='avia-slideshow-dots avia-slideshow-controls'><a href='#1' class='goto-slide active' >1<\/a><a href='#2' class='goto-slide ' >2<\/a><\/div><\/div><\/div><div id='after_full_slider_1'  class='main_color av_default_container_wrap container_wrap sidebar_right'  ><div class='container av-section-cont-open' ><div class='template-page content  av-content-small alpha units'><div class='post-entry post-entry-type-page post-entry-319'><div class='entry-content-wrapper clearfix'>\n\n<style type=\"text\/css\" data-created_by=\"avia_inline_auto\" id=\"style-css-av-urgav-2547f5b05977ab46e739ae252e008814\">\n.flex_column.av-urgav-2547f5b05977ab46e739ae252e008814{\nborder-radius:0px 0px 0px 0px;\npadding:30px 30px 30px 30px;\nbackground-color:rgba(255,255,255,0.9);\n}\n<\/style>\n<div  class='flex_column av-urgav-2547f5b05977ab46e739ae252e008814 av_one_full  avia-builder-el-1  el_after_av_slideshow_full  el_before_av_one_full  avia-builder-el-first  first flex_column_div  '     ><style type=\"text\/css\" data-created_by=\"avia_inline_auto\" id=\"style-css-av-shshj-69cf3a6c7a92220b8955b3183db8cc79\">\n#top .av-special-heading.av-shshj-69cf3a6c7a92220b8955b3183db8cc79{\npadding-bottom:0;\ncolor:#b02b2c;\n}\nbody .av-special-heading.av-shshj-69cf3a6c7a92220b8955b3183db8cc79 .av-special-heading-tag .heading-char{\nfont-size:25px;\n}\n.av-special-heading.av-shshj-69cf3a6c7a92220b8955b3183db8cc79 .special-heading-inner-border{\nborder-color:#b02b2c;\n}\n.av-special-heading.av-shshj-69cf3a6c7a92220b8955b3183db8cc79 .av-subheading{\nfont-size:15px;\n}\n<\/style>\n<div  class='av-special-heading av-shshj-69cf3a6c7a92220b8955b3183db8cc79 av-special-heading-h1 custom-color-heading blockquote modern-quote modern-centered  avia-builder-el-2  avia-builder-el-no-sibling '><h1 class='av-special-heading-tag '  itemprop=\"headline\"  >so finden Sie zu uns<\/h1><div class=\"special-heading-border\"><div class=\"special-heading-inner-border\"><\/div><\/div><\/div><\/div>\n\n<style type=\"text\/css\" data-created_by=\"avia_inline_auto\" id=\"style-css-av-lwzsn-61adb98dda1fb7f865a238f89875c616\">\n.flex_column.av-lwzsn-61adb98dda1fb7f865a238f89875c616{\nborder-radius:0px 0px 0px 0px;\npadding:0px 0px 0px 0px;\n}\n<\/style>\n<div  class='flex_column av-lwzsn-61adb98dda1fb7f865a238f89875c616 av_one_full  avia-builder-el-3  el_after_av_one_full  avia-builder-el-last  first flex_column_div av-zero-column-padding  column-top-margin'     ><p><section  class='av_textblock_section av-e75hb-7063e583cf4935bc05c54958dcd18a76 '   itemscope=\"itemscope\" itemtype=\"https:\/\/schema.org\/CreativeWork\" ><div class='avia_textblock'  itemprop=\"text\" ><p><strong>Anfahrt und Lage<\/strong><br \/>\nDas Hotel Alpina Ros befindet sich im Herzen vom Berchtesgadener Land. Umgeben vom sch\u00f6nen K\u00f6nigssee, dem Bayrischen Voralpenland mit dem atemberaubenden Watzmann und Obersalzberg. Hier k\u00f6nnen Sie Wander-, Ski- oder einfach nur einen unvergesslichen Familienurlaub machen. F\u00fcr jeden ist in unserer Region etwas dabei.<br \/>\nDas Hotel selber befindet sich sehr zentral in Berchtesgaden gelegen. Nur 5 Gehminuten vom Bahnhof und der Innenstadt entfernt.<\/p>\n<p><strong>Entfernungen zum Hotel Alpina Ros<\/strong><br \/>\nvon M\u00fcnchen ca. 154 km<br \/>\nvon Stuttgart ca. 390 km<br \/>\nvon N\u00fcrnberg ca. 326 km<br \/>\nvon K\u00f6ln ca. 730 km<br \/>\nvon Berlin ca. 744 km<br \/>\nvon Hamburg ca. 932 km<\/p>\n<p><strong>Anreise per Auto<\/strong><br \/>\nAuf der A8 Richtung Salzburg und Ausfahrt Bad Reichenhall abfahren.<br \/>\nRichtung Bad Reichenhall auf der B20 und dann weiter nach Bischofswiesen und danach gelangen Sie von dort aus nach Berchtesgaden. Im Kreisverkehr in Berchtesgaden links am Bahnhof vorbei und Richtung Innenstadt. An der n\u00e4chsten Ampel f\u00fchrt ein kleines G\u00e4sschen links hoch zum Hotel Alpina Ros.<\/p>\n<p><strong>Anreise per Bahn<\/strong><br \/>\nMit dem RE nach Freilassing und von dort aus f\u00e4hrt jede Stunde ein BLB nach Berchtesgaden Hauptbahnhof.<br \/>\nWir liegen oberhalb des Hauptbahnhofes, Sie k\u00f6nnen uns nun \u00fcber das recht steile Sunklerg\u00e4sschen zu Fu\u00df in 5 Gehminuten erreichen oder Sie nehmen eines der Taxi, welche vor dem Bahnhof f\u00fcr Sie bereit stehen.<\/p>\n<p><strong>Anreise per Flugzeug<\/strong><br \/>\nDer Flughafen Salzburg ist nur 35 km von Berchtesgaden entfernt. Daher ist dieser Flughafen f\u00fcr unsere G\u00e4ste zu empfehlen. Von dort aus gehen private Taxi und Shuttle Transfers Richtung Berchtesgaden.<br \/>\nFliegen Sie Innerdeutschland bis zum Flughafen M\u00fcnchen, nehmen Sie von dort aus einfach die Bahn Richtung Freilassing, wie oben beschrieben.<\/p>\n<p>Wir w\u00fcnschen unseren G\u00e4sten eine angenehme Reise zu uns ins Hotel Alpina Ros.<\/p>\n<\/div><\/section><br \/>\n<\/p><\/div>\n","protected":false},"excerpt":{"rendered":"","protected":false},"author":1,"featured_media":0,"parent":0,"menu_order":41,"comment_status":"closed","ping_status":"closed","template":"","meta":{"footnotes":""},"class_list":["post-319","page","type-page","status-publish","hentry"],"yoast_head":"<!-- This site is optimized with the Yoast SEO plugin v25.5 - https:\/\/yoast.com\/wordpress\/plugins\/seo\/ -->\n<title>Anreise &amp; Lage - Alpina Hotel Demming in Berchtesgaden im Berchtesgadener Land<\/title>\n<meta name=\"robots\" content=\"index, follow, max-snippet:-1, max-image-preview:large, max-video-preview:-1\" \/>\n<link rel=\"canonical\" href=\"https:\/\/www.alpina-hotels.de\/demming\/anreise-lage\/\" \/>\n<meta property=\"og:locale\" content=\"de_DE\" \/>\n<meta property=\"og:type\" content=\"article\" \/>\n<meta property=\"og:title\" content=\"Anreise &amp; Lage - Alpina Hotel Demming in Berchtesgaden im Berchtesgadener Land\" \/>\n<meta property=\"og:url\" content=\"https:\/\/www.alpina-hotels.de\/demming\/anreise-lage\/\" \/>\n<meta property=\"og:site_name\" content=\"Alpina Hotel Demming in Berchtesgaden im Berchtesgadener Land\" \/>\n<meta property=\"article:modified_time\" content=\"2023-12-21T13:47:24+00:00\" \/>\n<meta name=\"twitter:card\" content=\"summary_large_image\" \/>\n<meta name=\"twitter:label1\" content=\"Gesch\u00e4tzte Lesezeit\" \/>\n\t<meta name=\"twitter:data1\" content=\"4\u00a0Minuten\" \/>\n<script type=\"application\/ld+json\" class=\"yoast-schema-graph\">{\"@context\":\"https:\/\/schema.org\",\"@graph\":[{\"@type\":\"WebPage\",\"@id\":\"https:\/\/www.alpina-hotels.de\/demming\/anreise-lage\/\",\"url\":\"https:\/\/www.alpina-hotels.de\/demming\/anreise-lage\/\",\"name\":\"Anreise & Lage - Alpina Hotel Demming in Berchtesgaden im Berchtesgadener Land\",\"isPartOf\":{\"@id\":\"https:\/\/www.alpina-hotels.de\/demming\/#website\"},\"datePublished\":\"2016-12-02T14:31:12+00:00\",\"dateModified\":\"2023-12-21T13:47:24+00:00\",\"breadcrumb\":{\"@id\":\"https:\/\/www.alpina-hotels.de\/demming\/anreise-lage\/#breadcrumb\"},\"inLanguage\":\"de\",\"potentialAction\":[{\"@type\":\"ReadAction\",\"target\":[\"https:\/\/www.alpina-hotels.de\/demming\/anreise-lage\/\"]}]},{\"@type\":\"BreadcrumbList\",\"@id\":\"https:\/\/www.alpina-hotels.de\/demming\/anreise-lage\/#breadcrumb\",\"itemListElement\":[{\"@type\":\"ListItem\",\"position\":1,\"name\":\"Startseite\",\"item\":\"https:\/\/www.alpina-hotels.de\/demming\/\"},{\"@type\":\"ListItem\",\"position\":2,\"name\":\"Anreise &#038; Lage\"}]},{\"@type\":\"WebSite\",\"@id\":\"https:\/\/www.alpina-hotels.de\/demming\/#website\",\"url\":\"https:\/\/www.alpina-hotels.de\/demming\/\",\"name\":\"Alpina Hotel Demming in Berchtesgaden im Berchtesgadener Land\",\"description\":\"Alpina Hotels in Berchtesgaden\",\"potentialAction\":[{\"@type\":\"SearchAction\",\"target\":{\"@type\":\"EntryPoint\",\"urlTemplate\":\"https:\/\/www.alpina-hotels.de\/demming\/?s={search_term_string}\"},\"query-input\":{\"@type\":\"PropertyValueSpecification\",\"valueRequired\":true,\"valueName\":\"search_term_string\"}}],\"inLanguage\":\"de\"}]}<\/script>\n<!-- \/ Yoast SEO plugin. -->","yoast_head_json":{"title":"Anreise & Lage - Alpina Hotel Demming in Berchtesgaden im Berchtesgadener Land","robots":{"index":"index","follow":"follow","max-snippet":"max-snippet:-1","max-image-preview":"max-image-preview:large","max-video-preview":"max-video-preview:-1"},"canonical":"https:\/\/www.alpina-hotels.de\/demming\/anreise-lage\/","og_locale":"de_DE","og_type":"article","og_title":"Anreise & Lage - Alpina Hotel Demming in Berchtesgaden im Berchtesgadener Land","og_url":"https:\/\/www.alpina-hotels.de\/demming\/anreise-lage\/","og_site_name":"Alpina Hotel Demming in Berchtesgaden im Berchtesgadener Land","article_modified_time":"2023-12-21T13:47:24+00:00","twitter_card":"summary_large_image","twitter_misc":{"Gesch\u00e4tzte Lesezeit":"4\u00a0Minuten"},"schema":{"@context":"https:\/\/schema.org","@graph":[{"@type":"WebPage","@id":"https:\/\/www.alpina-hotels.de\/demming\/anreise-lage\/","url":"https:\/\/www.alpina-hotels.de\/demming\/anreise-lage\/","name":"Anreise & Lage - Alpina Hotel Demming in Berchtesgaden im Berchtesgadener Land","isPartOf":{"@id":"https:\/\/www.alpina-hotels.de\/demming\/#website"},"datePublished":"2016-12-02T14:31:12+00:00","dateModified":"2023-12-21T13:47:24+00:00","breadcrumb":{"@id":"https:\/\/www.alpina-hotels.de\/demming\/anreise-lage\/#breadcrumb"},"inLanguage":"de","potentialAction":[{"@type":"ReadAction","target":["https:\/\/www.alpina-hotels.de\/demming\/anreise-lage\/"]}]},{"@type":"BreadcrumbList","@id":"https:\/\/www.alpina-hotels.de\/demming\/anreise-lage\/#breadcrumb","itemListElement":[{"@type":"ListItem","position":1,"name":"Startseite","item":"https:\/\/www.alpina-hotels.de\/demming\/"},{"@type":"ListItem","position":2,"name":"Anreise &#038; Lage"}]},{"@type":"WebSite","@id":"https:\/\/www.alpina-hotels.de\/demming\/#website","url":"https:\/\/www.alpina-hotels.de\/demming\/","name":"Alpina Hotel Demming in Berchtesgaden im Berchtesgadener Land","description":"Alpina Hotels in Berchtesgaden","potentialAction":[{"@type":"SearchAction","target":{"@type":"EntryPoint","urlTemplate":"https:\/\/www.alpina-hotels.de\/demming\/?s={search_term_string}"},"query-input":{"@type":"PropertyValueSpecification","valueRequired":true,"valueName":"search_term_string"}}],"inLanguage":"de"}]}},"_links":{"self":[{"href":"https:\/\/www.alpina-hotels.de\/demming\/wp-json\/wp\/v2\/pages\/319","targetHints":{"allow":["GET"]}}],"collection":[{"href":"https:\/\/www.alpina-hotels.de\/demming\/wp-json\/wp\/v2\/pages"}],"about":[{"href":"https:\/\/www.alpina-hotels.de\/demming\/wp-json\/wp\/v2\/types\/page"}],"author":[{"embeddable":true,"href":"https:\/\/www.alpina-hotels.de\/demming\/wp-json\/wp\/v2\/users\/1"}],"replies":[{"embeddable":true,"href":"https:\/\/www.alpina-hotels.de\/demming\/wp-json\/wp\/v2\/comments?post=319"}],"version-history":[{"count":53,"href":"https:\/\/www.alpina-hotels.de\/demming\/wp-json\/wp\/v2\/pages\/319\/revisions"}],"predecessor-version":[{"id":321,"href":"https:\/\/www.alpina-hotels.de\/demming\/wp-json\/wp\/v2\/pages\/319\/revisions\/321"}],"wp:attachment":[{"href":"https:\/\/www.alpina-hotels.de\/demming\/wp-json\/wp\/v2\/media?parent=319"}],"curies":[{"name":"wp","href":"https:\/\/api.w.org\/{rel}","templated":true}]}}