{"id":191,"date":"2016-12-02T13:31:58","date_gmt":"2016-12-02T12:31:58","guid":{"rendered":"http:\/\/www.alpina-hotels.de\/demming\/?page_id=191"},"modified":"2022-09-20T08:54:15","modified_gmt":"2022-09-20T06:54:15","slug":"datenschutz","status":"publish","type":"page","link":"https:\/\/www.alpina-hotels.de\/demming\/datenschutz\/","title":{"rendered":"Datenschutz"},"content":{"rendered":"\n<style type=\"text\/css\" data-created_by=\"avia_inline_auto\" id=\"style-css-av-zhz3b-8b964597a5688321aaf7567f7dd7c72f\">\n.flex_column.av-zhz3b-8b964597a5688321aaf7567f7dd7c72f{\nborder-radius:0px 0px 0px 0px;\npadding:0px 0px 0px 0px;\n}\n<\/style>\n<div  class='flex_column av-zhz3b-8b964597a5688321aaf7567f7dd7c72f av_one_full  avia-builder-el-0  el_before_av_one_full  avia-builder-el-first  first flex_column_div av-zero-column-padding  '     ><style type=\"text\/css\" data-created_by=\"avia_inline_auto\" id=\"style-css-av-qfnen-a767ee15fa251b9ab4c30bc508930296\">\n#top .av-special-heading.av-qfnen-a767ee15fa251b9ab4c30bc508930296{\npadding-bottom:10px;\nfont-size:30px;\n}\nbody .av-special-heading.av-qfnen-a767ee15fa251b9ab4c30bc508930296 .av-special-heading-tag .heading-char{\nfont-size:25px;\n}\n#top #wrap_all .av-special-heading.av-qfnen-a767ee15fa251b9ab4c30bc508930296 .av-special-heading-tag{\nfont-size:30px;\n}\n.av-special-heading.av-qfnen-a767ee15fa251b9ab4c30bc508930296 .av-subheading{\nfont-size:15px;\n}\n\n@media only screen and (min-width: 480px) and (max-width: 767px){ \n#top #wrap_all .av-special-heading.av-qfnen-a767ee15fa251b9ab4c30bc508930296 .av-special-heading-tag{\nfont-size:0.8em;\n}\n}\n\n@media only screen and (max-width: 479px){ \n#top #wrap_all .av-special-heading.av-qfnen-a767ee15fa251b9ab4c30bc508930296 .av-special-heading-tag{\nfont-size:0.8em;\n}\n}\n<\/style>\n<div  class='av-special-heading av-qfnen-a767ee15fa251b9ab4c30bc508930296 av-special-heading-h3 blockquote modern-quote modern-centered  avia-builder-el-1  avia-builder-el-no-sibling  av-inherit-size'><h3 class='av-special-heading-tag '  itemprop=\"headline\"  >Datenschutz<\/h3><div class=\"special-heading-border\"><div class=\"special-heading-inner-border\"><\/div><\/div><\/div><\/div>\n<div  class='flex_column av-av_one_full-7714eba142aeda1f8b5272a3c372b279 av_one_full  avia-builder-el-2  el_after_av_one_full  el_before_av_hr  first flex_column_div  column-top-margin'     ><p>\n<style type=\"text\/css\" data-created_by=\"avia_inline_auto\" id=\"style-css-av-l89ubikr-08f18d2782b5a5d1eaf0eb0f6b7579ca\">\n#top .av-special-heading.av-l89ubikr-08f18d2782b5a5d1eaf0eb0f6b7579ca{\npadding-bottom:10px;\n}\nbody .av-special-heading.av-l89ubikr-08f18d2782b5a5d1eaf0eb0f6b7579ca .av-special-heading-tag .heading-char{\nfont-size:25px;\n}\n.av-special-heading.av-l89ubikr-08f18d2782b5a5d1eaf0eb0f6b7579ca .av-subheading{\nfont-size:15px;\n}\n<\/style>\n<div  class='av-special-heading av-l89ubikr-08f18d2782b5a5d1eaf0eb0f6b7579ca av-special-heading-h3 blockquote modern-quote  avia-builder-el-3  el_before_av_textblock  avia-builder-el-first '><h3 class='av-special-heading-tag '  itemprop=\"headline\"  >Ihre Cookie-Einstellung<\/h3><div class=\"special-heading-border\"><div class=\"special-heading-inner-border\"><\/div><\/div><\/div><br \/>\n<section  class='av_textblock_section av-l89uc1yk-d58b86b1623040bb1b918135a889dd3a '   itemscope=\"itemscope\" itemtype=\"https:\/\/schema.org\/CreativeWork\" ><div class='avia_textblock'  itemprop=\"text\" ><span class=\"borlabs-cookie-open-dialog-preferences \" data-borlabs-cookie-title=\"Cookie Einstellungen \u00e4ndern\" data-borlabs-cookie-type=\"link\" ><\/span>\n<\/div><\/section><\/p><\/div>\n<style type=\"text\/css\" data-created_by=\"avia_inline_auto\" id=\"style-css-av-lvu13-8dc3bae834c71b3a91cda138cd6f2d5f\">\n#top .hr.av-lvu13-8dc3bae834c71b3a91cda138cd6f2d5f{\nmargin-top:30px;\nmargin-bottom:30px;\n}\n.hr.av-lvu13-8dc3bae834c71b3a91cda138cd6f2d5f .hr-inner{\nwidth:400px;\nmax-width:45%;\n}\n<\/style>\n<div  class='hr av-lvu13-8dc3bae834c71b3a91cda138cd6f2d5f hr-custom  avia-builder-el-5  el_after_av_one_full  el_before_av_one_full  hr-center hr-icon-yes'><span class='hr-inner inner-border-av-border-thin'><span class=\"hr-inner-style\"><\/span><\/span><span class='av-seperator-icon avia-iconfont avia-font-entypo-fontello' data-av_icon='\ue806' data-av_iconfont='entypo-fontello' ><\/span><span class='hr-inner inner-border-av-border-thin'><span class=\"hr-inner-style\"><\/span><\/span><\/div><\/p>\n\n<style type=\"text\/css\" data-created_by=\"avia_inline_auto\" id=\"style-css-av-1j3xz-7a3aa779859b399ca703615666b3f763\">\n.flex_column.av-1j3xz-7a3aa779859b399ca703615666b3f763{\nborder-radius:0px 0px 0px 0px;\npadding:0px 0px 0px 0px;\n}\n<\/style>\n<div  class='flex_column av-1j3xz-7a3aa779859b399ca703615666b3f763 av_one_full  avia-builder-el-6  el_after_av_hr  avia-builder-el-last  first flex_column_div av-zero-column-padding  '     ><section  class='av_textblock_section av-7yfvj-cd4995ac8b108e3dd9b55657ba19f0b1 '   itemscope=\"itemscope\" itemtype=\"https:\/\/schema.org\/CreativeWork\" ><div class='avia_textblock'  itemprop=\"text\" ><p>Das Hotel Alpina Ros Demming (nachfolgend kurz \u201eAutor\u201c genannt) liegt auch der Schutz Ihrer pers\u00f6nlichen Daten sehr am Herzen, deswegen halten wir uns strikt an die Regeln der Datenschutzgesetze. Auf dieser Webseite werden personenbezogene Daten nur im technisch notwendigen Umfang erhoben. Auf keinen Fall werden erhobene Daten verkauft oder an Dritte weitergegeben.<\/p>\n<p>Nachstehend geben wir Ihnen einen kurzen \u00dcberblick dar\u00fcber, welche Art von Daten und zu welchem Zweck erhoben werden und wie Autor den Schutz dieser Daten gew\u00e4hrleistet.<\/p>\n<p>Datenverarbeitung auf dieser Internetseite<br \/>\nBeim Besuch der Webseite speichern wir automatisch in ihren Server Log Files Informationen, die durch Ihren Browser \u00fcbermittelt werden. Dies sind:<\/p>\n<p>\u2022 Browsertyp\/ -version<br \/>\n\u2022 verwendetes Betriebssystem<br \/>\n\u2022 Referrer URL (die zuvor besuchte Seite)<br \/>\n\u2022 Hostname des zugreifenden Rechners (IP Adresse)<br \/>\n\u2022 Uhrzeit der Serveranfrage.<\/p>\n<p>Eine Zuordnung zu personenbezogenen Daten ist nicht m\u00f6glich. Wir f\u00fchren keine dieser Daten mit anderen Datenquellen zusammen und nach einer statistischen Auswertung werden die Daten wieder gel\u00f6scht.<\/p>\n<p>Im Bereich des Online-Marketing bedienen wir uns Funktionalit\u00e4ten des Retargeting. Alle personenbezogene Daten werden ausschlie\u00dflich zu eigenen Marketingzwecken und Marketingzwecken des Autors verwendet.<\/p>\n<p>Cookies<br \/>\nIn einigen Bereichen unserer Seiten werden so genannte Cookies eingesetzt. Ein Cookie ist eine kleine Textdatei, die von einer Website auf Ihrer Festplatte abgelegt wird. Cookies richten auf Ihrem Rechner keinen Schaden an und enthalten keine Viren. Die Cookies unserer Internetseiten erheben auch keinerlei personenbezogene Daten. Die in Cookies enthaltenen Informationen verwenden wir, um Ihnen die Nutzung unserer Seiten zu erleichtern und sie auf Ihre Bed\u00fcrfnisse abzustimmen.<\/p>\n<p>Nat\u00fcrlich k\u00f6nnen Sie unsere Webseite auch ohne Cookies betrachten. Falls Sie nicht m\u00f6chten, dass Cookies auf Ihrem Rechner gespeichert werden, k\u00f6nnen Sie die entsprechende Option in den Systemeinstellungen Ihres Browsers deaktivieren. Gespeicherte Cookies k\u00f6nnen Sie in den Systemeinstellungen Ihres Browsers jederzeit l\u00f6schen. Wenn Sie keine Cookies akzeptieren, kann dieses allerdings zu Funktionseinschr\u00e4nkungen unserer Angebote f\u00fchren.<\/p>\n<p>Datenschutzhinweis<br \/>\nWir erm\u00f6glichen Interessenten die Kontaktaufnahme mittels spezieller Online-Formulare, durch telefonische Nachfrage oder per Post. Hierbei werden zur Beantwortung der Anfragen personenbezogene Daten erhoben.<\/p>\n<p>Eine Weitergabe personenbezogener Daten an Dritte oder eine Verwendung \u00fcber die Bearbeitung der Anfrage hinaus erfolgt nicht. Sollte eine Weiterleitung an Dritte zur Beantwortung der Anfrage erforderlich sein, gilt das Einverst\u00e4ndnis des Anfragenden insoweit als erteilt.<\/p>\n<p>Daten werden insbesondere nicht zu Werbezwecken verwandt.<\/p>\n<p>\u00d6ffentliches Verfahrensverzeichnis:<br \/>\nGem\u00e4\u00df \u00a7 4g BDSG hat der Beauftragte f\u00fcr den Datenschutz auf Antrag in geeigneter Weise die in \u00a7 4e BDSG festgelegten Angaben verf\u00fcgbar zu machen. Dieser Verpflichtung kommen wir hier unmittelbar nach und verzichten damit auf den individuellen Antrag Ihrerseits.<\/p>\n<p>Zweckbestimmungen der Datenerhebung, -verarbeitung oder -nutzung<\/p>\n<p>Hauptzweck der Erhebung, Verarbeitung oder Nutzung personenbezogener Daten ist der Vertrieb, die Verwaltung und die Betreuung von Kundenauftr\u00e4gen im Bereich<\/p>\n<p>Betrieb eines Hotels:<br \/>\nNebenzwecke der Erhebung, Verarbeitung oder Nutzung personenbezogener Daten sind die Personal-, Lieferanten- und Kundenverwaltung.<\/p>\n<p>Beschreibung der betroffenen Personengruppen und der diesbez\u00fcglichen Daten und Datenkategorien:<br \/>\nZur Erf\u00fcllung der unter Punkt 4 aufgef\u00fchrten Zweckbestimmung werden zu folgenden Personengruppen personenbezogene Daten erhoben, verarbeitet und genutzt<\/p>\n<p>Kundendaten (Adressdaten, Vertragsdaten)<\/p>\n<p>Personaldaten zur Verwaltung von Mitarbeitern und externen<\/p>\n<p>Daten von Gesch\u00e4ftspartnern (Adressdaten, Vertragsdaten)<\/p>\n<p>Daten von Lieferanten (Adressdaten, Vertragsdaten)<\/p>\n<p>Empf\u00e4nger oder Kategorien von Empf\u00e4ngern, denen die Daten mitgeteilt werden k\u00f6nnen<br \/>\n\u00d6ffentliche Stellen, die Daten auf Grund gesetzlicher Vorschriften erhalten (z.B. Sozialversicherungstr\u00e4ger, Beh\u00f6rden)<\/p>\n<p>Interne Stellen, die an der Ausf\u00fchrung der jeweiligen Gesch\u00e4ftsprozesse beteiligt sind (Personalverwaltung, Buchhaltung, Rechnungswesen, Marketing, Vertrieb, Telekommunikation und EDV)<\/p>\n<p>Externe Stellen, die an der Abwicklung von Gesch\u00e4ftsprozessen beteiligt sind (Partner der im Rahmen\u00a0 bezeichneten Gesch\u00e4ftsprozesse)<\/p>\n<p>Externe Auftragnehmer entsprechend \u00a7 11 BDSG<\/p>\n<p>Kreditinstitute und Steuerb\u00fcro (Gehaltszahlungen, Zahlungsverkehr im Rahmen der bezeichneten Gesch\u00e4ftsprozesse)<\/p>\n<p>Versicherungen im Rahmen der betrieblichen Altersversorgung<\/p>\n<p>Regelfristen f\u00fcr die L\u00f6schung der Daten:<br \/>\nDie L\u00f6schung der Daten erfolgt nach Ablauf der gesetzlichen, satzungsm\u00e4\u00dfigen oder vertraglichen Aufbewahrungsfristen. Daten, die nicht der Aufbewahrungspflicht unterliegen, werden nach Wegfall der beschriebenen Zweckbindung gel\u00f6scht.<\/p>\n<p>Geplante Daten\u00fcbermittlung an Drittstaaten:<br \/>\nnicht geplant<\/p>\n<p>Gew\u00e4hrleistungsausschluss:<br \/>\nDie Informationen, Daten und Inhalte werden st\u00e4ndig gepr\u00fcft und aktualisiert. Trotz aller Sorgfalt k\u00f6nnen sich Angaben zwischenzeitlich ver\u00e4ndert haben. Deshalb kann keine Haftung oder Garantie f\u00fcr Richtigkeit, Vollst\u00e4ndigkeit und Aktualit\u00e4t \u00fcbernommen werden.<\/p>\n<p>Daten:<br \/>\nDie Sicherheit der Daten, die uns per Internet \u00fcbermittelt werden, kann nicht gew\u00e4hrleistet werden. Es besteht jedoch die Garantie, dass \u00fcberlieferte Daten nur zweckgem\u00e4\u00df und nach den Bestimmungen des Bundesdatenschutzgesetzes (BDSG) genutzt und verarbeitet werden.<\/p>\n<p>F\u00fcr Fragen wenden Sie sich bitte an unseren Datenschutzbeauftragten unter <a href=\"mailto:info@alpinaros.de\">info@alpinaros.de<\/a><\/p>\n<p>Google Analytics und Google Remarketing<br \/>\nDiese Website benutzt Google Remarketing sowie Google Analytics, einen Webanalysedienst der Google Inc. (\u201eGoogle\u201c). Google Analytics verwendet ebenfalls sogenannte \u201eCookies\u201c, also kleine Textdateien, die auf Ihrem Computer gespeichert werden und die eine Analyse der Benutzung der Website durch Sie erm\u00f6glicht. Die durch den Cookie erzeugten Informationen \u00fcber Ihre Benutzung dieser Website (einschlie\u00dflich Ihrer IP-Adresse) werden an einen Server von Google in den USA \u00fcbertragen und dort gespeichert. Google wird diese Informationen benutzen, um Ihre Nutzung der Website auszuwerten, um Reports \u00fcber die Websiteaktivit\u00e4ten f\u00fcr die Websitebetreiber zusammenzustellen und um weitere mit der Websitenutzung und der Internetnutzung verbundene Dienstleistungen zu erbringen. Auch wird Google diese Informationen gegebenenfalls an Dritte \u00fcbertragen, sofern dies gesetzlich vorgeschrieben oder soweit Dritte diese Daten im Auftrag von Google verarbeiten. Google wird in keinem Fall Ihre IP-Adresse mit anderen Daten von Google in Verbindung bringen. Sie k\u00f6nnen die Installation der Cookies durch eine entsprechende Einstellung Ihrer Browser Software verhindern; wir weisen Sie jedoch darauf hin, dass Sie in diesem Fall gegebenenfalls nicht s\u00e4mtliche Funktionen dieser Website voll umf\u00e4nglich nutzen k\u00f6nnen. Durch die Nutzung dieser Website erkl\u00e4ren Sie sich mit der Bearbeitung der \u00fcber Sie erhobenen Daten durch Google in der zuvor beschriebenen Art und Weise und zu dem zuvor benannten Zweck einverstanden. Google Datenschutzerkl\u00e4rung (http:\/\/www.google.com\/policies\/privacy\/)<\/p>\n<p>Autor hat den Standard-Code von Google Analytics um eine weitere Zeile erweitert, so dass IP Adressen nur noch verk\u00fcrzt weitergegeben werden. Dadurch ist eine Personenidentifizierung absolut nicht mehr m\u00f6glich.<\/p>\n<p>Google+<br \/>\nUnser Internetauftritt verwendet die \u201d+1\u2033-Schaltfl\u00e4che des sozialen Netzwerkes Google Plus, welches von der Google Inc., 1600 Amphitheatre Parkway, Mountain View, CA 94043, United States betrieben wird (\u201cGoogle\u201d). Die Links sind im Rahmen unseres Internetauftritts durch das Google+-Logo oder den Zusatz \u201d+1\u2033 kenntlich gemacht.<\/p>\n<p>Wenn Sie eine Webseite unseres Internetauftritts aufrufen, die eine solche Schaltfl\u00e4che enth\u00e4lt, baut Ihr Browser eine direkte Verbindung mit den Servern von Google auf.<br \/>\nDer Inhalt der \u201d+1\u2033-Schaltfl\u00e4che wird von Google direkt an Ihren Browser \u00fcbermittelt und von diesem in die Webseite eingebunden. Wir haben daher keinen Einfluss auf den Umfang der Daten, die Google mit der Schaltfl\u00e4che erhebt. Laut Google werden ohne einen Klick auf die Schaltfl\u00e4che keine personenbezogenen Daten erhoben. Nur bei eingeloggten Mitgliedern, werden solche Daten, unter anderem die IP-Adresse, erhoben und verarbeitet.<\/p>\n<p>Diese Informationen werden an Google \u00fcbermittelt und dort gespeichert. Um dies zu verhindern m\u00fcssen Sie sich vor dem Klick auf den Verweis aus Ihrem Google-Account ausloggen. Die den Verweisen von Google zugewiesenen Funktionen, insbesondere die \u00dcbermittlung von Informationen und Nutzerdaten, werden nicht bereits durch das Besuchen unserer Website aktiv, sondern erst durch den Klick auf die entsprechenden Verweise.<\/p>\n<p>Zweck und Umfang der Datenerhebung durch Google+ sowie die dortige weitere Verarbeitung und Nutzung Ihrer Daten wie auch Ihre diesbez\u00fcglichen Rechte und Einstellungsm\u00f6glichkeiten zum Schutz Ihrer Privatsph\u00e4re entnehmen Sie bitte den Datenschutzhinweisen von Google+<br \/>\n(http:\/\/www.google.com\/intl\/de\/+\/policy\/+1button.html).<\/p>\n<p>Facebook Sozial Plug-ins<br \/>\nUnser Internetauftritt verwendet Social Plug-Ins (\u201ePlug-Ins\u201c) des sozialen Netzwerkes facebook.com, welches von der Facebook Inc., 1601 S. California Ave, Palo Alto, CA 94304, USA betrieben wird (\u201dFacebook\u201d). Die Plug-Ins sind mit einem Facebook Logo oder dem Zusatz \u201cFacebook Social Plug-In\u201d gekennzeichnet. Wenn Sie eine Webseite unseres Internetauftritts aufrufen, die ein solches Plug-In enth\u00e4lt, baut Ihr Browser eine direkte Verbindung mit den Servern von Facebook auf. Der Inhalt des Plug-Ins wird von Facebook direkt an Ihren Browser \u00fcbermittelt und von diesem in die Webseite eingebunden. Durch die Einbindung der Plug-Ins erh\u00e4lt Facebook die Information, dass Sie die entsprechende Seite unseres Internetauftritts aufgerufen haben. Sind Sie bei Facebook eingeloggt, kann Facebook den Besuch Ihrem Facebook-Konto zuordnen. Wenn Sie mit den Plug-Ins interagieren, zum Beispiel den \u201cGef\u00e4llt mir\u201d Button bet\u00e4tigen oder einen Kommentar abgeben, wird die entsprechende Information von Ihrem Browser direkt an Facebook \u00fcbermittelt und dort gespeichert. Zweck und Umfang der Datenerhebung und die weitere Verarbeitung und Nutzung der Daten durch Facebook sowie Ihre diesbez\u00fcglichen Rechte und Einstellungsm\u00f6glichkeiten zum Schutz Ihrer Privatsph\u00e4re entnehmen Sie bitte den Datenschutzhinweisen von Facebook. Wenn Sie nicht m\u00f6chten, dass Facebook \u00fcber unseren Internetauftritt Daten \u00fcber Sie sammelt, m\u00fcssen Sie sich vor Ihrem Besuch unseres Internetauftritts bei Facebook ausloggen.<\/p>\n<p>Twitter Plug-ins<br \/>\nDiese Seite verwendet Soziale Plugins des sozialen Netzwerkes Twitter. Twitter wird betrieben von: Twitter, Inc., 795 Folsom St., Suite 600, San Francisco, CA 94107, USA.<br \/>\nDie Plugins sind an einem der Twitter-Logos erkennbar (Vogel-Umriss\/Relief). Es gibt unterschiedliche Twitter-Logos. Diese k\u00f6nnen unter dem Link (http:\/\/twitter.com\/about\/resources\/logos) auf der Website von Twitter eingesehen werden.<\/p>\n<p>Beim Aufruf der Website baut Browser eine direkte Verbindung mit den (voraussichtlich in den USA befindlichen) Servern von Twitter auf. Der Inhalt des Plugins wird von Twitter direkt an Ihren Browser \u00fcbermittelt und von diesem in die Webseite eingebunden.<\/p>\n<p>Wir haben keinen Einfluss auf den Umfang der Daten, die Twitter mit Hilfe dieses Plugins erhebt und informieren Sie daher entsprechend dem Kenntnisstand nach den von Twitter erh\u00e4ltlichen Informationen, die der Kunde unter dem Link (http:\/\/twitter.com\/about\/resources) auf der Website vom Twitter einsehen kann.<\/p>\n<p>Durch die Einbindung der Plugins erh\u00e4lt Twitter die Information, dass Sie die entsprechende Webseite aufgerufen haben. Sind Sie zu diesem Zeitpunkt bei Twitter eingeloggt, in dem das Plugin benutzt wird, kann Twitter den Besuch einem Kundenkonto zuordnen.\u00a0 Wenn Sie mit Plugins interagiert, zum Beispiel einen \u201cTweet This\u201d-Button bet\u00e4tigt oder einen Kommentar abgibt, wird die entsprechende Information vom Browser direkt an Twitter \u00fcbermittelt und dort gespeichert.<\/p>\n<p>Wenn Sie Twitter-Mitglied sind und nicht m\u00f6chten, dass Twitter \u00fcber den Internetauftritt unserer Website Daten \u00fcber Sie sammelt und mit den bei Twitter gespeicherten Daten verkn\u00fcpft, m\u00fcssen Sie sich vor dem Besuch der Website bei Twitter ausloggen. Falls Sie kein Mitglied von Twitter sind oder sich vor dem Besuch der Website bei Twitter ausloggt haben, besteht dennoch die M\u00f6glichkeit, dass Twitter die IP-Adresse in Erfahrung bringt und speichert.<\/p>\n<p>Zweck und Umfang der Datenerhebung und die weitere Verarbeitung und Nutzung der Daten durch Twitter sowie Ihre diesbez\u00fcglichen Rechte und Einstellungsm\u00f6glichkeiten zum Schutz der Privatsph\u00e4re sind den Datenschutzhinweisen von Twitter unter dem Link (http:\/\/twitter.com\/privacy) zu entnehmen.<\/p>\n<p>Newsletter<br \/>\nWenn Sie den auf der Webseite angebotenen Newsletter empfangen m\u00f6chten, ben\u00f6tigen wir von Ihnen eine valide E-Mail-Adresse sowie Informationen, die uns die \u00dcberpr\u00fcfung gestatten, dass Sie der Inhaber der angegebenen E-Mail- Adresse sind bzw. deren Inhaber mit dem Empfang des Newsletters einverstanden ist. Weitere Daten werden nicht erhoben.<\/p>\n<p>Ihre Einwilligung zur Speicherung der Daten, der E-Mail-Adresse sowie deren Nutzung zum Versand des Newsletters k\u00f6nnen Sie jederzeit widerrufen.<\/p>\n<\/div><\/section><\/div>\n","protected":false},"excerpt":{"rendered":"","protected":false},"author":1,"featured_media":0,"parent":0,"menu_order":45,"comment_status":"closed","ping_status":"closed","template":"","meta":{"footnotes":""},"class_list":["post-191","page","type-page","status-publish","hentry"],"yoast_head":"<!-- This site is optimized with the Yoast SEO plugin v25.5 - https:\/\/yoast.com\/wordpress\/plugins\/seo\/ -->\n<title>Datenschutz - Alpina Hotel Demming in Berchtesgaden im Berchtesgadener Land<\/title>\n<meta name=\"robots\" content=\"index, follow, max-snippet:-1, max-image-preview:large, max-video-preview:-1\" \/>\n<link rel=\"canonical\" href=\"https:\/\/www.alpina-hotels.de\/demming\/datenschutz\/\" \/>\n<meta property=\"og:locale\" content=\"de_DE\" \/>\n<meta property=\"og:type\" content=\"article\" \/>\n<meta property=\"og:title\" content=\"Datenschutz - Alpina Hotel Demming in Berchtesgaden im Berchtesgadener Land\" \/>\n<meta property=\"og:url\" content=\"https:\/\/www.alpina-hotels.de\/demming\/datenschutz\/\" \/>\n<meta property=\"og:site_name\" content=\"Alpina Hotel Demming in Berchtesgaden im Berchtesgadener Land\" \/>\n<meta property=\"article:modified_time\" content=\"2022-09-20T06:54:15+00:00\" \/>\n<meta name=\"twitter:card\" content=\"summary_large_image\" \/>\n<meta name=\"twitter:label1\" content=\"Gesch\u00e4tzte Lesezeit\" \/>\n\t<meta name=\"twitter:data1\" content=\"11\u00a0Minuten\" \/>\n<script type=\"application\/ld+json\" class=\"yoast-schema-graph\">{\"@context\":\"https:\/\/schema.org\",\"@graph\":[{\"@type\":\"WebPage\",\"@id\":\"https:\/\/www.alpina-hotels.de\/demming\/datenschutz\/\",\"url\":\"https:\/\/www.alpina-hotels.de\/demming\/datenschutz\/\",\"name\":\"Datenschutz - Alpina Hotel Demming in Berchtesgaden im Berchtesgadener Land\",\"isPartOf\":{\"@id\":\"https:\/\/www.alpina-hotels.de\/demming\/#website\"},\"datePublished\":\"2016-12-02T12:31:58+00:00\",\"dateModified\":\"2022-09-20T06:54:15+00:00\",\"breadcrumb\":{\"@id\":\"https:\/\/www.alpina-hotels.de\/demming\/datenschutz\/#breadcrumb\"},\"inLanguage\":\"de\",\"potentialAction\":[{\"@type\":\"ReadAction\",\"target\":[\"https:\/\/www.alpina-hotels.de\/demming\/datenschutz\/\"]}]},{\"@type\":\"BreadcrumbList\",\"@id\":\"https:\/\/www.alpina-hotels.de\/demming\/datenschutz\/#breadcrumb\",\"itemListElement\":[{\"@type\":\"ListItem\",\"position\":1,\"name\":\"Startseite\",\"item\":\"https:\/\/www.alpina-hotels.de\/demming\/\"},{\"@type\":\"ListItem\",\"position\":2,\"name\":\"Datenschutz\"}]},{\"@type\":\"WebSite\",\"@id\":\"https:\/\/www.alpina-hotels.de\/demming\/#website\",\"url\":\"https:\/\/www.alpina-hotels.de\/demming\/\",\"name\":\"Alpina Hotel Demming in Berchtesgaden im Berchtesgadener Land\",\"description\":\"Alpina Hotels in Berchtesgaden\",\"potentialAction\":[{\"@type\":\"SearchAction\",\"target\":{\"@type\":\"EntryPoint\",\"urlTemplate\":\"https:\/\/www.alpina-hotels.de\/demming\/?s={search_term_string}\"},\"query-input\":{\"@type\":\"PropertyValueSpecification\",\"valueRequired\":true,\"valueName\":\"search_term_string\"}}],\"inLanguage\":\"de\"}]}<\/script>\n<!-- \/ Yoast SEO plugin. -->","yoast_head_json":{"title":"Datenschutz - Alpina Hotel Demming in Berchtesgaden im Berchtesgadener Land","robots":{"index":"index","follow":"follow","max-snippet":"max-snippet:-1","max-image-preview":"max-image-preview:large","max-video-preview":"max-video-preview:-1"},"canonical":"https:\/\/www.alpina-hotels.de\/demming\/datenschutz\/","og_locale":"de_DE","og_type":"article","og_title":"Datenschutz - Alpina Hotel Demming in Berchtesgaden im Berchtesgadener Land","og_url":"https:\/\/www.alpina-hotels.de\/demming\/datenschutz\/","og_site_name":"Alpina Hotel Demming in Berchtesgaden im Berchtesgadener Land","article_modified_time":"2022-09-20T06:54:15+00:00","twitter_card":"summary_large_image","twitter_misc":{"Gesch\u00e4tzte Lesezeit":"11\u00a0Minuten"},"schema":{"@context":"https:\/\/schema.org","@graph":[{"@type":"WebPage","@id":"https:\/\/www.alpina-hotels.de\/demming\/datenschutz\/","url":"https:\/\/www.alpina-hotels.de\/demming\/datenschutz\/","name":"Datenschutz - Alpina Hotel Demming in Berchtesgaden im Berchtesgadener Land","isPartOf":{"@id":"https:\/\/www.alpina-hotels.de\/demming\/#website"},"datePublished":"2016-12-02T12:31:58+00:00","dateModified":"2022-09-20T06:54:15+00:00","breadcrumb":{"@id":"https:\/\/www.alpina-hotels.de\/demming\/datenschutz\/#breadcrumb"},"inLanguage":"de","potentialAction":[{"@type":"ReadAction","target":["https:\/\/www.alpina-hotels.de\/demming\/datenschutz\/"]}]},{"@type":"BreadcrumbList","@id":"https:\/\/www.alpina-hotels.de\/demming\/datenschutz\/#breadcrumb","itemListElement":[{"@type":"ListItem","position":1,"name":"Startseite","item":"https:\/\/www.alpina-hotels.de\/demming\/"},{"@type":"ListItem","position":2,"name":"Datenschutz"}]},{"@type":"WebSite","@id":"https:\/\/www.alpina-hotels.de\/demming\/#website","url":"https:\/\/www.alpina-hotels.de\/demming\/","name":"Alpina Hotel Demming in Berchtesgaden im Berchtesgadener Land","description":"Alpina Hotels in Berchtesgaden","potentialAction":[{"@type":"SearchAction","target":{"@type":"EntryPoint","urlTemplate":"https:\/\/www.alpina-hotels.de\/demming\/?s={search_term_string}"},"query-input":{"@type":"PropertyValueSpecification","valueRequired":true,"valueName":"search_term_string"}}],"inLanguage":"de"}]}},"_links":{"self":[{"href":"https:\/\/www.alpina-hotels.de\/demming\/wp-json\/wp\/v2\/pages\/191","targetHints":{"allow":["GET"]}}],"collection":[{"href":"https:\/\/www.alpina-hotels.de\/demming\/wp-json\/wp\/v2\/pages"}],"about":[{"href":"https:\/\/www.alpina-hotels.de\/demming\/wp-json\/wp\/v2\/types\/page"}],"author":[{"embeddable":true,"href":"https:\/\/www.alpina-hotels.de\/demming\/wp-json\/wp\/v2\/users\/1"}],"replies":[{"embeddable":true,"href":"https:\/\/www.alpina-hotels.de\/demming\/wp-json\/wp\/v2\/comments?post=191"}],"version-history":[{"count":9,"href":"https:\/\/www.alpina-hotels.de\/demming\/wp-json\/wp\/v2\/pages\/191\/revisions"}],"predecessor-version":[{"id":1567,"href":"https:\/\/www.alpina-hotels.de\/demming\/wp-json\/wp\/v2\/pages\/191\/revisions\/1567"}],"wp:attachment":[{"href":"https:\/\/www.alpina-hotels.de\/demming\/wp-json\/wp\/v2\/media?parent=191"}],"curies":[{"name":"wp","href":"https:\/\/api.w.org\/{rel}","templated":true}]}}